{"id":18534,"date":"2024-11-27T12:04:23","date_gmt":"2024-11-27T11:04:23","guid":{"rendered":"https:\/\/www.techdrive.fr\/?page_id=18534"},"modified":"2024-11-27T12:04:23","modified_gmt":"2024-11-27T11:04:23","slug":"megadrive-lci-2-150-mw-2-1-a-2x-25-kv","status":"publish","type":"page","link":"https:\/\/www.techdrive.fr\/en\/abb\/variateurs-de-vitesse\/megadrive-lci-2-150-mw-2-1-a-2x-25-kv","title":{"rendered":"MEGADRIVE-LCI 2-150 mW - 2.1 to 2x 25 kV"},"content":{"rendered":"<p><div class=\"fusion-fullwidth fullwidth-box fusion-builder-row-1 fusion-flex-container has-pattern-background has-mask-background nonhundred-percent-fullwidth non-hundred-percent-height-scrolling\" style=\"--awb-border-radius-top-left:0px;--awb-border-radius-top-right:0px;--awb-border-radius-bottom-right:0px;--awb-border-radius-bottom-left:0px;--awb-padding-top:50px;--awb-padding-bottom:0px;--awb-flex-wrap:wrap;\" ><div class=\"fusion-builder-row fusion-row fusion-flex-align-items-flex-start fusion-flex-content-wrap\" style=\"max-width:1248px;margin-left: calc(-4% \/ 2 );margin-right: calc(-4% \/ 2 );\"><div class=\"fusion-layout-column fusion_builder_column fusion-builder-column-0 fusion_builder_column_1_1 1_1 fusion-flex-column\" style=\"--awb-overflow:hidden;--awb-bg-size:cover;--awb-box-shadow:0px 0px 10px 5px rgba(242,242,242,0.91);;--awb-border-radius:10px 10px 10px 10px;--awb-width-large:100%;--awb-margin-top-large:0px;--awb-spacing-right-large:0%;--awb-margin-bottom-large:20px;--awb-spacing-left-large:0%;--awb-width-medium:100%;--awb-order-medium:0;--awb-spacing-right-medium:1.92%;--awb-spacing-left-medium:1.92%;--awb-width-small:100%;--awb-order-small:0;--awb-spacing-right-small:1.92%;--awb-spacing-left-small:1.92%;\"><div class=\"fusion-column-wrapper fusion-column-has-shadow fusion-flex-justify-content-flex-start fusion-content-layout-column\">\t\t\t<!-- Flexy Breadcrumb -->\r\n\t\t\t<div class=\"fbc fbc-page\">\r\n\r\n\t\t\t\t<!-- Breadcrumb wrapper -->\r\n\t\t\t\t<div class=\"fbc-wrap\">\r\n\r\n\t\t\t\t\t<!-- Ordered list-->\r\n\t\t\t\t\t<ol class=\"fbc-items\" itemscope=\"https:\/\/schema.org\/BreadcrumbList\">\r\n\t\t\t\t\t\t            <li itemprop=\"itemListElement\" itemscope itemtype=\"https:\/\/schema.org\/ListItem\">\r\n                <span itemprop=\"name\">\r\n                    <!-- Home Link -->\r\n                    <a itemprop=\"item\" href=\"https:\/\/www.techdrive.fr\/en\/\">\r\n                    \r\n                        Home                    <\/a>\r\n                <\/span>\r\n                <meta itemprop=\"position\" content=\"1\" \/><!-- Meta Position-->\r\n             <\/li><li><span class=\"fbc-separator\">\/<\/span><\/li><li class=\"active\" itemprop=\"itemListElement\" itemscope itemtype=\"https:\/\/schema.org\/ListItem\"><span itemprop=\"name\" title=\"MEGADRIVE-LCI 2-150 mW &#8211; 2.1 \u00e0 2x 25 kV\">MEGADRIVE-LCI 2-150 mW - 2.1 to 2x 25 kV<\/span><meta itemprop=\"position\" content=\"2\" \/><\/li>\t\t\t\t\t<\/ol>\r\n\t\t\t\t\t<div class=\"clearfix\"><\/div>\r\n\t\t\t\t<\/div>\r\n\t\t\t<\/div>\r\n\t\t\t<\/div><\/div><\/div><\/div><div class=\"fusion-fullwidth fullwidth-box fusion-builder-row-2 fusion-flex-container has-pattern-background has-mask-background nonhundred-percent-fullwidth non-hundred-percent-height-scrolling\" style=\"--awb-border-color:#fdb81d;--awb-border-radius-top-left:0px;--awb-border-radius-top-right:0px;--awb-border-radius-bottom-right:0px;--awb-border-radius-bottom-left:0px;--awb-padding-top:69px;--awb-padding-bottom:100px;--awb-background-color:#ffffff;--awb-flex-wrap:wrap;\" ><div class=\"fusion-builder-row fusion-row fusion-flex-align-items-flex-start fusion-flex-content-wrap\" style=\"max-width:calc( 1200px + 0px );margin-left: calc(-0px \/ 2 );margin-right: calc(-0px \/ 2 );\"><div class=\"fusion-layout-column fusion_builder_column fusion-builder-column-1 fusion_builder_column_3_4 3_4 fusion-flex-column\" style=\"--awb-bg-size:cover;--awb-width-large:75%;--awb-margin-top-large:0px;--awb-spacing-right-large:50px;--awb-margin-bottom-large:0px;--awb-spacing-left-large:0px;--awb-width-medium:100%;--awb-order-medium:0;--awb-spacing-right-medium:0px;--awb-spacing-left-medium:0px;--awb-width-small:100%;--awb-order-small:0;--awb-spacing-right-small:0px;--awb-spacing-left-small:0px;\"><div class=\"fusion-column-wrapper fusion-column-has-shadow fusion-flex-justify-content-flex-start fusion-content-layout-column\"><div class=\"fusion-title title fusion-title-1 fusion-sep-none fusion-title-text fusion-title-size-one\" style=\"--awb-text-color:#303030;--awb-margin-bottom:0px;--awb-margin-top-small:0px;--awb-margin-right-small:0px;--awb-margin-bottom-small:20px;--awb-margin-left-small:0px;--awb-font-size:45px;\"><h1 class=\"fusion-title-heading title-heading-left fusion-responsive-typography-calculated\" style=\"margin:0;text-transform:uppercase;font-size:1em;--fontSize:45;line-height:1.4;\">Variateur CA moyenne tension MEGADRIVE-LCI<\/h1><\/div><div class=\"fusion-title title fusion-title-2 fusion-sep-none fusion-title-text fusion-title-size-two\" style=\"--awb-text-color:#303030;--awb-margin-top:30px;--awb-margin-top-small:0px;--awb-margin-right-small:0px;--awb-margin-bottom-small:20px;--awb-margin-left-small:0px;--awb-font-size:30px;\"><h2 class=\"fusion-title-heading title-heading-left fusion-responsive-typography-calculated\" style=\"margin:0;text-transform:none;font-size:1em;--fontSize:30;--minFontSize:30;line-height:1.4;\">2-150 mW &#8211; 2.1 \u00e0 2x 25 kV<\/h2><\/div><div class=\"fusion-title title fusion-title-3 fusion-sep-none fusion-title-text fusion-title-size-two\" style=\"--awb-text-color:#303030;--awb-margin-top:30px;--awb-margin-top-small:0px;--awb-margin-right-small:0px;--awb-margin-bottom-small:20px;--awb-margin-left-small:0px;--awb-font-size:30px;\"><h2 class=\"fusion-title-heading title-heading-left fusion-responsive-typography-calculated\" style=\"margin:0;text-transform:uppercase;font-size:1em;--fontSize:30;--minFontSize:30;line-height:1.4;\">\u00c9prouv\u00e9s et fiables : variateurs moyenne tension robustes pour les applications haute puissance<\/h2><\/div><div class=\"fusion-text fusion-text-1\"><p>La technologie \u00e9prouv\u00e9e qui \u00e9quipe le MEGADRIVE-LCI contr\u00f4le vos applications haute puissance et fournit un d\u00e9marrage en souplesse des grands moteurs synchrones, r\u00e9duisant l&rsquo;impact sur votre r\u00e9seau et \u00e9quipement. Gr\u00e2ce aux nombreuses ann\u00e9es d&rsquo;excellente performance, le variateur est r\u00e9put\u00e9 pour sa haute disponibilit\u00e9 et fiabilit\u00e9. La conception simple et les composants \u00e9prouv\u00e9s du variateur permettent une utilisation sans probl\u00e8me et une disponibilit\u00e9 optimale de vos processus. Choisissez une solution de variateur qui vous apporte une tranquillit\u00e9 d&rsquo;esprit en garantissant un fonctionnement efficace sur lequel vous pouvez compter jour apr\u00e8s jour, ann\u00e9e apr\u00e8s ann\u00e9e.<\/p>\n<p class=\"header3\"><strong>Highlights<\/strong><\/p>\n<ul>\n<li>Grande fiabilit\u00e9 gr\u00e2ce \u00e0 la conception \u00e9prouv\u00e9e et au nombre de pi\u00e8ces limit\u00e9<\/li>\n<li>Conception sans fusible<\/li>\n<li>Refroidissement par air et par eau<\/li>\n<li>Conception personnalis\u00e9e d&rsquo;application<\/li>\n<li>D\u00e9marreur progressif<\/li>\n<li>Design de r\u00e9sistance aux arcs<\/li>\n<li>Plage de puissance de 2 \u00e0 72 MW<\/li>\n<\/ul>\n<\/div><div class=\"fusion-separator\" style=\"align-self: flex-start;margin-right:auto;margin-top:40px;margin-bottom:20px;width:100%;max-width:7%;\"><div class=\"fusion-separator-border sep-single sep-solid\" style=\"--awb-height:20px;--awb-amount:20px;--awb-sep-color:var(--awb-custom_color_6);border-color:var(--awb-custom_color_6);border-top-width:6px;\"><\/div><\/div><\/div><\/div><div class=\"fusion-layout-column fusion_builder_column fusion-builder-column-2 fusion_builder_column_1_4 1_4 fusion-flex-column\" style=\"--awb-bg-size:cover;--awb-width-large:25%;--awb-margin-top-large:0px;--awb-spacing-right-large:0px;--awb-margin-bottom-large:0px;--awb-spacing-left-large:0px;--awb-width-medium:100%;--awb-order-medium:0;--awb-spacing-right-medium:0px;--awb-spacing-left-medium:0px;--awb-width-small:100%;--awb-order-small:0;--awb-spacing-right-small:0px;--awb-spacing-left-small:0px;\"><div class=\"fusion-column-wrapper fusion-column-has-shadow fusion-flex-justify-content-flex-start fusion-content-layout-column\"><div class=\"fusion-image-element\" style=\"text-align:center;--awb-margin-bottom:20px;--awb-caption-title-font-family:var(--h2_typography-font-family);--awb-caption-title-font-weight:var(--h2_typography-font-weight);--awb-caption-title-font-style:var(--h2_typography-font-style);--awb-caption-title-size:var(--h2_typography-font-size);--awb-caption-title-transform:var(--h2_typography-text-transform);--awb-caption-title-line-height:var(--h2_typography-line-height);--awb-caption-title-letter-spacing:var(--h2_typography-letter-spacing);\"><span class=\"fusion-imageframe imageframe-none imageframe-1 hover-type-none\"><img decoding=\"async\" width=\"571\" height=\"373\" alt=\"Parker Hannifin\" title=\"MEGADRIVE-LCI\" src=\"https:\/\/www.techdrive.fr\/wp-content\/uploads\/2024\/11\/MEGADRIVE-LCI.jpg\" data-orig-src=\"https:\/\/www.techdrive.fr\/wp-content\/uploads\/2024\/11\/MEGADRIVE-LCI.jpg\" class=\"lazyload img-responsive wp-image-18528\" srcset=\"data:image\/svg+xml,%3Csvg%20xmlns%3D%27http%3A%2F%2Fwww.w3.org%2F2000%2Fsvg%27%20width%3D%27571%27%20height%3D%27373%27%20viewBox%3D%270%200%20571%20373%27%3E%3Crect%20width%3D%27571%27%20height%3D%27373%27%20fill-opacity%3D%220%22%2F%3E%3C%2Fsvg%3E\" data-srcset=\"https:\/\/www.techdrive.fr\/wp-content\/uploads\/2024\/11\/MEGADRIVE-LCI-200x131.jpg 200w, https:\/\/www.techdrive.fr\/wp-content\/uploads\/2024\/11\/MEGADRIVE-LCI-400x261.jpg 400w, https:\/\/www.techdrive.fr\/wp-content\/uploads\/2024\/11\/MEGADRIVE-LCI.jpg 571w\" data-sizes=\"auto\" data-orig-sizes=\"(max-width: 1024px) 100vw, (max-width: 640px) 100vw, 400px\" \/><\/span><\/div><div class=\"fusion-text fusion-text-2\" style=\"--awb-content-alignment:center;--awb-font-size:20px;--awb-user-select:auto;--awb-text-font-family:&quot;Manrope-SemiBold&quot;;--awb-text-font-style:normal;--awb-text-font-weight:400;\"><p class=\"text-left\">Would you like a quote?<\/p>\n<\/div><div style=\"text-align:center;\"><a class=\"fusion-button button-flat fusion-button-default-size button-custom fusion-button-default button-1 fusion-button-span-yes fusion-button-default-type fusion-no-small-visibility fusion-no-medium-visibility\" style=\"--button_bevel_color:#ffffff;--button_accent_color:#ffffff;--button_border_color:var(--awb-custom_color_6);--button_accent_hover_color:#ffffff;--button_border_hover_color:var(--awb-custom_color_8);--button_border_width-top:0;--button_border_width-right:0;--button_border_width-bottom:0;--button_border_width-left:0;--button-border-radius-top-left:50px;--button-border-radius-top-right:50px;--button-border-radius-bottom-right:50px;--button-border-radius-bottom-left:50px;--button_gradient_angle:97deg;--button_gradient_start:38%;--button_gradient_end:54%;--button_gradient_top_color:var(--awb-custom_color_6);--button_gradient_bottom_color:var(--awb-custom_color_6);--button_gradient_top_color_hover:var(--awb-custom_color_8);--button_gradient_bottom_color_hover:var(--awb-custom_color_8);--button_font_size:16px;--button_padding-top:20px;--button_padding-right:48px;--button_padding-bottom:18px;--button_padding-left:48px;--button_typography-font-family:&quot;Manrope-SemiBold&quot;;--button_typography-font-style:normal;--button_typography-font-weight:400;\" target=\"_self\" href=\"#awb-open-oc__11857\"><span class=\"fusion-button-text awb-button__text awb-button__text--default\">Contact us<\/span><\/a><\/div><\/div><\/div><\/div><\/div><\/p>","protected":false},"excerpt":{"rendered":"","protected":false},"author":1,"featured_media":18528,"parent":18381,"menu_order":0,"comment_status":"closed","ping_status":"closed","template":"100-width.php","meta":{"footnotes":""},"class_list":["post-18534","page","type-page","status-publish","has-post-thumbnail","hentry"],"yoast_head":"<!-- This site is optimized with the Yoast SEO plugin v27.3 - https:\/\/yoast.com\/product\/yoast-seo-wordpress\/ -->\n<title>Variateur MEGADRIVE-LCI 2-150 mW - 2.1 \u00e0 2x 25 kV - Tech Drive<\/title>\n<meta name=\"description\" content=\"La technologie \u00e9prouv\u00e9e qui \u00e9quipe le MEGADRIVE-LCI contr\u00f4le vos applications haute puissance et fournit un d\u00e9marrage en souplesse des grands moteurs synchrones, r\u00e9duisant l&#039;impact sur votre r\u00e9seau et \u00e9quipement.\" \/>\n<meta name=\"robots\" content=\"index, follow, max-snippet:-1, max-image-preview:large, max-video-preview:-1\" \/>\n<link rel=\"canonical\" href=\"https:\/\/www.techdrive.fr\/en\/abb\/variateurs-de-vitesse\/megadrive-lci-2-150-mw-2-1-a-2x-25-kv\/\" \/>\n<meta property=\"og:locale\" content=\"en_US\" \/>\n<meta property=\"og:type\" content=\"article\" \/>\n<meta property=\"og:title\" content=\"Variateur MEGADRIVE-LCI 2-150 mW - 2.1 \u00e0 2x 25 kV - Tech Drive\" \/>\n<meta property=\"og:description\" content=\"La technologie \u00e9prouv\u00e9e qui \u00e9quipe le MEGADRIVE-LCI contr\u00f4le vos applications haute puissance et fournit un d\u00e9marrage en souplesse des grands moteurs synchrones, r\u00e9duisant l&#039;impact sur votre r\u00e9seau et \u00e9quipement.\" \/>\n<meta property=\"og:url\" content=\"https:\/\/www.techdrive.fr\/en\/abb\/variateurs-de-vitesse\/megadrive-lci-2-150-mw-2-1-a-2x-25-kv\/\" \/>\n<meta property=\"og:site_name\" content=\"Tech Drive\" \/>\n<meta property=\"og:image\" content=\"https:\/\/www.techdrive.fr\/wp-content\/uploads\/2024\/11\/MEGADRIVE-LCI.jpg\" \/>\n\t<meta property=\"og:image:width\" content=\"571\" \/>\n\t<meta property=\"og:image:height\" content=\"373\" \/>\n\t<meta property=\"og:image:type\" content=\"image\/jpeg\" \/>\n<meta name=\"twitter:card\" content=\"summary_large_image\" \/>\n<meta name=\"twitter:label1\" content=\"Est. reading time\" \/>\n\t<meta name=\"twitter:data1\" content=\"2 minutes\" \/>\n<script type=\"application\/ld+json\" class=\"yoast-schema-graph\">{\"@context\":\"https:\\\/\\\/schema.org\",\"@graph\":[{\"@type\":\"WebPage\",\"@id\":\"https:\\\/\\\/www.techdrive.fr\\\/abb\\\/variateurs-de-vitesse\\\/megadrive-lci-2-150-mw-2-1-a-2x-25-kv\",\"url\":\"https:\\\/\\\/www.techdrive.fr\\\/abb\\\/variateurs-de-vitesse\\\/megadrive-lci-2-150-mw-2-1-a-2x-25-kv\",\"name\":\"Variateur MEGADRIVE-LCI 2-150 mW - 2.1 \u00e0 2x 25 kV - Tech Drive\",\"isPartOf\":{\"@id\":\"https:\\\/\\\/www.techdrive.fr\\\/#website\"},\"primaryImageOfPage\":{\"@id\":\"https:\\\/\\\/www.techdrive.fr\\\/abb\\\/variateurs-de-vitesse\\\/megadrive-lci-2-150-mw-2-1-a-2x-25-kv#primaryimage\"},\"image\":{\"@id\":\"https:\\\/\\\/www.techdrive.fr\\\/abb\\\/variateurs-de-vitesse\\\/megadrive-lci-2-150-mw-2-1-a-2x-25-kv#primaryimage\"},\"thumbnailUrl\":\"https:\\\/\\\/www.techdrive.fr\\\/wp-content\\\/uploads\\\/2024\\\/11\\\/MEGADRIVE-LCI.jpg\",\"datePublished\":\"2024-11-27T11:04:23+00:00\",\"description\":\"La technologie \u00e9prouv\u00e9e qui \u00e9quipe le MEGADRIVE-LCI contr\u00f4le vos applications haute puissance et fournit un d\u00e9marrage en souplesse des grands moteurs synchrones, r\u00e9duisant l'impact sur votre r\u00e9seau et \u00e9quipement.\",\"breadcrumb\":{\"@id\":\"https:\\\/\\\/www.techdrive.fr\\\/abb\\\/variateurs-de-vitesse\\\/megadrive-lci-2-150-mw-2-1-a-2x-25-kv#breadcrumb\"},\"inLanguage\":\"en-US\",\"potentialAction\":[{\"@type\":\"ReadAction\",\"target\":[\"https:\\\/\\\/www.techdrive.fr\\\/abb\\\/variateurs-de-vitesse\\\/megadrive-lci-2-150-mw-2-1-a-2x-25-kv\"]}]},{\"@type\":\"ImageObject\",\"inLanguage\":\"en-US\",\"@id\":\"https:\\\/\\\/www.techdrive.fr\\\/abb\\\/variateurs-de-vitesse\\\/megadrive-lci-2-150-mw-2-1-a-2x-25-kv#primaryimage\",\"url\":\"https:\\\/\\\/www.techdrive.fr\\\/wp-content\\\/uploads\\\/2024\\\/11\\\/MEGADRIVE-LCI.jpg\",\"contentUrl\":\"https:\\\/\\\/www.techdrive.fr\\\/wp-content\\\/uploads\\\/2024\\\/11\\\/MEGADRIVE-LCI.jpg\",\"width\":571,\"height\":373,\"caption\":\"MEGADRIVE-LCI\"},{\"@type\":\"BreadcrumbList\",\"@id\":\"https:\\\/\\\/www.techdrive.fr\\\/abb\\\/variateurs-de-vitesse\\\/megadrive-lci-2-150-mw-2-1-a-2x-25-kv#breadcrumb\",\"itemListElement\":[{\"@type\":\"ListItem\",\"position\":1,\"name\":\"Accueil\",\"item\":\"https:\\\/\\\/www.techdrive.fr\\\/\"},{\"@type\":\"ListItem\",\"position\":2,\"name\":\"ABB\",\"item\":\"https:\\\/\\\/www.techdrive.fr\\\/equipements-composants__trashed\\\/abb\"},{\"@type\":\"ListItem\",\"position\":3,\"name\":\"Variateurs de vitesse ABB\",\"item\":\"https:\\\/\\\/www.techdrive.fr\\\/abb\\\/variateurs-de-vitesse\"},{\"@type\":\"ListItem\",\"position\":4,\"name\":\"MEGADRIVE-LCI 2-150 mW &#8211; 2.1 \u00e0 2x 25 kV\"}]},{\"@type\":\"WebSite\",\"@id\":\"https:\\\/\\\/www.techdrive.fr\\\/#website\",\"url\":\"https:\\\/\\\/www.techdrive.fr\\\/\",\"name\":\"Tech Drive\",\"description\":\"Automatisme Industriel\",\"publisher\":{\"@id\":\"https:\\\/\\\/www.techdrive.fr\\\/#organization\"},\"potentialAction\":[{\"@type\":\"SearchAction\",\"target\":{\"@type\":\"EntryPoint\",\"urlTemplate\":\"https:\\\/\\\/www.techdrive.fr\\\/?s={search_term_string}\"},\"query-input\":{\"@type\":\"PropertyValueSpecification\",\"valueRequired\":true,\"valueName\":\"search_term_string\"}}],\"inLanguage\":\"en-US\"},{\"@type\":\"Organization\",\"@id\":\"https:\\\/\\\/www.techdrive.fr\\\/#organization\",\"name\":\"Tech Drive - Automatisme Industriel\",\"alternateName\":\"Tech Drive - Automatisme Industriel\",\"url\":\"https:\\\/\\\/www.techdrive.fr\\\/\",\"logo\":{\"@type\":\"ImageObject\",\"inLanguage\":\"en-US\",\"@id\":\"https:\\\/\\\/www.techdrive.fr\\\/#\\\/schema\\\/logo\\\/image\\\/\",\"url\":\"https:\\\/\\\/www.techdrive.fr\\\/wp-content\\\/uploads\\\/2021\\\/07\\\/logo_512x512.png\",\"contentUrl\":\"https:\\\/\\\/www.techdrive.fr\\\/wp-content\\\/uploads\\\/2021\\\/07\\\/logo_512x512.png\",\"width\":512,\"height\":512,\"caption\":\"Tech Drive - Automatisme Industriel\"},\"image\":{\"@id\":\"https:\\\/\\\/www.techdrive.fr\\\/#\\\/schema\\\/logo\\\/image\\\/\"}}]}<\/script>\n<!-- \/ Yoast SEO plugin. -->","yoast_head_json":{"title":"Variateur MEGADRIVE-LCI 2-150 mW - 2.1 \u00e0 2x 25 kV - Tech Drive","description":"La technologie \u00e9prouv\u00e9e qui \u00e9quipe le MEGADRIVE-LCI contr\u00f4le vos applications haute puissance et fournit un d\u00e9marrage en souplesse des grands moteurs synchrones, r\u00e9duisant l'impact sur votre r\u00e9seau et \u00e9quipement.","robots":{"index":"index","follow":"follow","max-snippet":"max-snippet:-1","max-image-preview":"max-image-preview:large","max-video-preview":"max-video-preview:-1"},"canonical":"https:\/\/www.techdrive.fr\/en\/abb\/variateurs-de-vitesse\/megadrive-lci-2-150-mw-2-1-a-2x-25-kv\/","og_locale":"en_US","og_type":"article","og_title":"Variateur MEGADRIVE-LCI 2-150 mW - 2.1 \u00e0 2x 25 kV - Tech Drive","og_description":"La technologie \u00e9prouv\u00e9e qui \u00e9quipe le MEGADRIVE-LCI contr\u00f4le vos applications haute puissance et fournit un d\u00e9marrage en souplesse des grands moteurs synchrones, r\u00e9duisant l'impact sur votre r\u00e9seau et \u00e9quipement.","og_url":"https:\/\/www.techdrive.fr\/en\/abb\/variateurs-de-vitesse\/megadrive-lci-2-150-mw-2-1-a-2x-25-kv\/","og_site_name":"Tech Drive","og_image":[{"width":571,"height":373,"url":"https:\/\/www.techdrive.fr\/wp-content\/uploads\/2024\/11\/MEGADRIVE-LCI.jpg","type":"image\/jpeg"}],"twitter_card":"summary_large_image","twitter_misc":{"Est. reading time":"2 minutes"},"schema":{"@context":"https:\/\/schema.org","@graph":[{"@type":"WebPage","@id":"https:\/\/www.techdrive.fr\/abb\/variateurs-de-vitesse\/megadrive-lci-2-150-mw-2-1-a-2x-25-kv","url":"https:\/\/www.techdrive.fr\/abb\/variateurs-de-vitesse\/megadrive-lci-2-150-mw-2-1-a-2x-25-kv","name":"Variateur MEGADRIVE-LCI 2-150 mW - 2.1 \u00e0 2x 25 kV - Tech Drive","isPartOf":{"@id":"https:\/\/www.techdrive.fr\/#website"},"primaryImageOfPage":{"@id":"https:\/\/www.techdrive.fr\/abb\/variateurs-de-vitesse\/megadrive-lci-2-150-mw-2-1-a-2x-25-kv#primaryimage"},"image":{"@id":"https:\/\/www.techdrive.fr\/abb\/variateurs-de-vitesse\/megadrive-lci-2-150-mw-2-1-a-2x-25-kv#primaryimage"},"thumbnailUrl":"https:\/\/www.techdrive.fr\/wp-content\/uploads\/2024\/11\/MEGADRIVE-LCI.jpg","datePublished":"2024-11-27T11:04:23+00:00","description":"La technologie \u00e9prouv\u00e9e qui \u00e9quipe le MEGADRIVE-LCI contr\u00f4le vos applications haute puissance et fournit un d\u00e9marrage en souplesse des grands moteurs synchrones, r\u00e9duisant l'impact sur votre r\u00e9seau et \u00e9quipement.","breadcrumb":{"@id":"https:\/\/www.techdrive.fr\/abb\/variateurs-de-vitesse\/megadrive-lci-2-150-mw-2-1-a-2x-25-kv#breadcrumb"},"inLanguage":"en-US","potentialAction":[{"@type":"ReadAction","target":["https:\/\/www.techdrive.fr\/abb\/variateurs-de-vitesse\/megadrive-lci-2-150-mw-2-1-a-2x-25-kv"]}]},{"@type":"ImageObject","inLanguage":"en-US","@id":"https:\/\/www.techdrive.fr\/abb\/variateurs-de-vitesse\/megadrive-lci-2-150-mw-2-1-a-2x-25-kv#primaryimage","url":"https:\/\/www.techdrive.fr\/wp-content\/uploads\/2024\/11\/MEGADRIVE-LCI.jpg","contentUrl":"https:\/\/www.techdrive.fr\/wp-content\/uploads\/2024\/11\/MEGADRIVE-LCI.jpg","width":571,"height":373,"caption":"MEGADRIVE-LCI"},{"@type":"BreadcrumbList","@id":"https:\/\/www.techdrive.fr\/abb\/variateurs-de-vitesse\/megadrive-lci-2-150-mw-2-1-a-2x-25-kv#breadcrumb","itemListElement":[{"@type":"ListItem","position":1,"name":"Accueil","item":"https:\/\/www.techdrive.fr\/"},{"@type":"ListItem","position":2,"name":"ABB","item":"https:\/\/www.techdrive.fr\/equipements-composants__trashed\/abb"},{"@type":"ListItem","position":3,"name":"Variateurs de vitesse ABB","item":"https:\/\/www.techdrive.fr\/abb\/variateurs-de-vitesse"},{"@type":"ListItem","position":4,"name":"MEGADRIVE-LCI 2-150 mW &#8211; 2.1 \u00e0 2x 25 kV"}]},{"@type":"WebSite","@id":"https:\/\/www.techdrive.fr\/#website","url":"https:\/\/www.techdrive.fr\/","name":"Tech Drive","description":"Industrial Automation","publisher":{"@id":"https:\/\/www.techdrive.fr\/#organization"},"potentialAction":[{"@type":"SearchAction","target":{"@type":"EntryPoint","urlTemplate":"https:\/\/www.techdrive.fr\/?s={search_term_string}"},"query-input":{"@type":"PropertyValueSpecification","valueRequired":true,"valueName":"search_term_string"}}],"inLanguage":"en-US"},{"@type":"Organization","@id":"https:\/\/www.techdrive.fr\/#organization","name":"Tech Drive - Industrial Automation","alternateName":"Tech Drive - Automatisme Industriel","url":"https:\/\/www.techdrive.fr\/","logo":{"@type":"ImageObject","inLanguage":"en-US","@id":"https:\/\/www.techdrive.fr\/#\/schema\/logo\/image\/","url":"https:\/\/www.techdrive.fr\/wp-content\/uploads\/2021\/07\/logo_512x512.png","contentUrl":"https:\/\/www.techdrive.fr\/wp-content\/uploads\/2021\/07\/logo_512x512.png","width":512,"height":512,"caption":"Tech Drive - Automatisme Industriel"},"image":{"@id":"https:\/\/www.techdrive.fr\/#\/schema\/logo\/image\/"}}]}},"_links":{"self":[{"href":"https:\/\/www.techdrive.fr\/en\/wp-json\/wp\/v2\/pages\/18534","targetHints":{"allow":["GET"]}}],"collection":[{"href":"https:\/\/www.techdrive.fr\/en\/wp-json\/wp\/v2\/pages"}],"about":[{"href":"https:\/\/www.techdrive.fr\/en\/wp-json\/wp\/v2\/types\/page"}],"author":[{"embeddable":true,"href":"https:\/\/www.techdrive.fr\/en\/wp-json\/wp\/v2\/users\/1"}],"replies":[{"embeddable":true,"href":"https:\/\/www.techdrive.fr\/en\/wp-json\/wp\/v2\/comments?post=18534"}],"version-history":[{"count":0,"href":"https:\/\/www.techdrive.fr\/en\/wp-json\/wp\/v2\/pages\/18534\/revisions"}],"up":[{"embeddable":true,"href":"https:\/\/www.techdrive.fr\/en\/wp-json\/wp\/v2\/pages\/18381"}],"wp:featuredmedia":[{"embeddable":true,"href":"https:\/\/www.techdrive.fr\/en\/wp-json\/wp\/v2\/media\/18528"}],"wp:attachment":[{"href":"https:\/\/www.techdrive.fr\/en\/wp-json\/wp\/v2\/media?parent=18534"}],"curies":[{"name":"wp","href":"https:\/\/api.w.org\/{rel}","templated":true}]}}